{"id":8,"date":"2025-07-05T23:17:34","date_gmt":"2025-07-05T23:17:34","guid":{"rendered":"https:\/\/hbadministracion.cl\/?page_id=8"},"modified":"2026-03-20T16:08:02","modified_gmt":"2026-03-20T16:08:02","slug":"inicio","status":"publish","type":"page","link":"https:\/\/hbadministracion.cl\/","title":{"rendered":"Inicio"},"content":{"rendered":"\t\t<div data-elementor-type=\"wp-page\" data-elementor-id=\"8\" class=\"elementor elementor-8\" data-elementor-settings=\"{&quot;ha_cmc_init_switcher&quot;:&quot;no&quot;}\">\n\t\t\t\t\t\t<section class=\"elementor-section elementor-top-section elementor-element elementor-element-0dc9e13 elementor-section-boxed elementor-section-height-default elementor-section-height-default\" data-id=\"0dc9e13\" data-element_type=\"section\" data-settings=\"{&quot;background_background&quot;:&quot;slideshow&quot;,&quot;background_slideshow_gallery&quot;:[{&quot;id&quot;:15,&quot;url&quot;:&quot;https:\\\/\\\/hbadministracion.cl\\\/wp-content\\\/uploads\\\/2025\\\/07\\\/31.jpg&quot;},{&quot;id&quot;:16,&quot;url&quot;:&quot;https:\\\/\\\/hbadministracion.cl\\\/wp-content\\\/uploads\\\/2025\\\/07\\\/33.jpg&quot;},{&quot;id&quot;:17,&quot;url&quot;:&quot;https:\\\/\\\/hbadministracion.cl\\\/wp-content\\\/uploads\\\/2025\\\/07\\\/42.jpg&quot;}],&quot;background_slideshow_slide_duration&quot;:9000,&quot;background_slideshow_transition_duration&quot;:1500,&quot;background_slideshow_ken_burns&quot;:&quot;yes&quot;,&quot;shape_divider_bottom&quot;:&quot;triangle-asymmetrical&quot;,&quot;background_slideshow_loop&quot;:&quot;yes&quot;,&quot;background_slideshow_slide_transition&quot;:&quot;fade&quot;,&quot;background_slideshow_ken_burns_zoom_direction&quot;:&quot;in&quot;,&quot;_ha_eqh_enable&quot;:false}\">\n\t\t\t\t\t\t\t<div class=\"elementor-background-overlay\"><\/div>\n\t\t\t\t\t\t<div class=\"elementor-shape elementor-shape-bottom\" aria-hidden=\"true\" data-negative=\"false\">\n\t\t\t<svg xmlns=\"http:\/\/www.w3.org\/2000\/svg\" viewBox=\"0 0 1000 100\" preserveAspectRatio=\"none\">\n\t<path class=\"elementor-shape-fill\" d=\"M738,99l262-93V0H0v5.6L738,99z\"\/>\n<\/svg>\t\t<\/div>\n\t\t\t\t\t<div class=\"elementor-container elementor-column-gap-default\">\n\t\t\t\t\t<div class=\"elementor-column elementor-col-100 elementor-top-column elementor-element elementor-element-08d15e3\" data-id=\"08d15e3\" data-element_type=\"column\">\n\t\t\t<div class=\"elementor-widget-wrap elementor-element-populated\">\n\t\t\t\t\t\t<div class=\"elementor-element elementor-element-c2a15df elementor-widget elementor-widget-image\" data-id=\"c2a15df\" data-element_type=\"widget\" data-widget_type=\"image.default\">\n\t\t\t\t<div class=\"elementor-widget-container\">\n\t\t\t\t\t\t\t\t\t\t\t\t\t\t\t<img fetchpriority=\"high\" decoding=\"async\" width=\"300\" height=\"300\" src=\"https:\/\/hbadministracion.cl\/wp-content\/uploads\/2025\/07\/base-logo-HB-300x300.png\" class=\"attachment-medium size-medium wp-image-14\" alt=\"\" srcset=\"https:\/\/hbadministracion.cl\/wp-content\/uploads\/2025\/07\/base-logo-HB-300x300.png 300w, https:\/\/hbadministracion.cl\/wp-content\/uploads\/2025\/07\/base-logo-HB-1024x1024.png 1024w, https:\/\/hbadministracion.cl\/wp-content\/uploads\/2025\/07\/base-logo-HB-150x150.png 150w, https:\/\/hbadministracion.cl\/wp-content\/uploads\/2025\/07\/base-logo-HB-768x768.png 768w, https:\/\/hbadministracion.cl\/wp-content\/uploads\/2025\/07\/base-logo-HB-1536x1536.png 1536w, https:\/\/hbadministracion.cl\/wp-content\/uploads\/2025\/07\/base-logo-HB.png 2000w\" sizes=\"(max-width: 300px) 100vw, 300px\" \/>\t\t\t\t\t\t\t\t\t\t\t\t\t\t\t<\/div>\n\t\t\t\t<\/div>\n\t\t\t\t\t<\/div>\n\t\t<\/div>\n\t\t\t\t\t<\/div>\n\t\t<\/section>\n\t\t\t\t<section class=\"elementor-section elementor-top-section elementor-element elementor-element-9b19b63 elementor-section-boxed elementor-section-height-default elementor-section-height-default\" data-id=\"9b19b63\" data-element_type=\"section\" data-settings=\"{&quot;shape_divider_bottom&quot;:&quot;triangle-asymmetrical&quot;,&quot;shape_divider_bottom_negative&quot;:&quot;yes&quot;,&quot;_ha_eqh_enable&quot;:false}\">\n\t\t\t\t\t<div class=\"elementor-shape elementor-shape-bottom\" aria-hidden=\"true\" data-negative=\"true\">\n\t\t\t<svg xmlns=\"http:\/\/www.w3.org\/2000\/svg\" viewBox=\"0 0 1000 100\" preserveAspectRatio=\"none\">\n\t<path class=\"elementor-shape-fill\" d=\"M737.9,94.7L0,0v100h1000V0L737.9,94.7z\"\/>\n<\/svg>\t\t<\/div>\n\t\t\t\t\t<div class=\"elementor-container elementor-column-gap-default\">\n\t\t\t\t\t<div class=\"elementor-column elementor-col-50 elementor-top-column elementor-element elementor-element-4669b60\" data-id=\"4669b60\" data-element_type=\"column\">\n\t\t\t<div class=\"elementor-widget-wrap elementor-element-populated\">\n\t\t\t\t\t\t<div class=\"elementor-element elementor-element-7581b6c elementor-widget__width-initial elementor-widget elementor-widget-text-editor\" data-id=\"7581b6c\" data-element_type=\"widget\" data-widget_type=\"text-editor.default\">\n\t\t\t\t<div class=\"elementor-widget-container\">\n\t\t\t\t\t\t\t\t\t<p><span style=\"color: #ba994a;\">No permita que la inacci\u00f3n degrade la armon\u00eda ni el valor de su propiedad.<\/span><\/p><p><span style=\"color: #ba994a;\">\u00a0<br \/><\/span><span style=\"color: #ba994a;\">Existen soluciones reales, con asesor\u00eda profesional, visi\u00f3n estrat\u00e9gica y tecnolog\u00eda avanzada.<\/span><\/p><p><span style=\"color: #ba994a;\">\u00a0<\/span><\/p>\t\t\t\t\t\t\t\t<\/div>\n\t\t\t\t<\/div>\n\t\t\t\t<div class=\"elementor-element elementor-element-b10a5bf elementor-widget elementor-widget-text-editor\" data-id=\"b10a5bf\" data-element_type=\"widget\" data-widget_type=\"text-editor.default\">\n\t\t\t\t<div class=\"elementor-widget-container\">\n\t\t\t\t\t\t\t\t\t<ul><li>Problemas financieros que nadie logra resolver.<\/li><li><i contenteditable=\"false\" data-page-element=\"IconNode\"><\/i>Conflictos entre vecinos sin mediaci\u00f3n efectiva.<\/li><li><i contenteditable=\"false\" data-page-element=\"IconNode\"><\/i>Mantenimiento costoso, mal planificado y reactivo.<\/li><li><i contenteditable=\"false\" data-page-element=\"IconNode\"><\/i>Falta de claridad en los presupuestos y decisiones.<\/li><\/ul>\t\t\t\t\t\t\t\t<\/div>\n\t\t\t\t<\/div>\n\t\t\t\t<div class=\"elementor-element elementor-element-3edcaeb elementor-align-justify elementor-widget elementor-widget-button\" data-id=\"3edcaeb\" data-element_type=\"widget\" data-widget_type=\"button.default\">\n\t\t\t\t<div class=\"elementor-widget-container\">\n\t\t\t\t\t\t\t\t\t<div class=\"elementor-button-wrapper\">\n\t\t\t\t\t<a class=\"elementor-button elementor-button-link elementor-size-sm elementor-animation-hang\" href=\"https:\/\/www.hbadministracion.com\/optin-page\">\n\t\t\t\t\t\t<span class=\"elementor-button-content-wrapper\">\n\t\t\t\t\t\t\t\t\t<span class=\"elementor-button-text\">Evaluemos si tu comunidad califica<\/span>\n\t\t\t\t\t<\/span>\n\t\t\t\t\t<\/a>\n\t\t\t\t<\/div>\n\t\t\t\t\t\t\t\t<\/div>\n\t\t\t\t<\/div>\n\t\t\t\t\t<\/div>\n\t\t<\/div>\n\t\t\t\t<div class=\"elementor-column elementor-col-50 elementor-top-column elementor-element elementor-element-8781795\" data-id=\"8781795\" data-element_type=\"column\">\n\t\t\t<div class=\"elementor-widget-wrap elementor-element-populated\">\n\t\t\t\t\t\t<div class=\"elementor-element elementor-element-a6bfb41 elementor-widget__width-initial elementor-widget elementor-widget-text-editor\" data-id=\"a6bfb41\" data-element_type=\"widget\" data-widget_type=\"text-editor.default\">\n\t\t\t\t<div class=\"elementor-widget-container\">\n\t\t\t\t\t\t\t\t\t<p><img decoding=\"async\" src=\"https:\/\/images.clickfunnels.com\/cdn-cgi\/image\/width=1000px,fit=scale-down,f=auto,q=80\/https:\/\/statics.myclickfunnels.com\/workspace\/WvNweM\/image\/1978475\/file\/4287e4ab0901e7d3d437f6a396a90a01.jpg\" \/><\/p>\t\t\t\t\t\t\t\t<\/div>\n\t\t\t\t<\/div>\n\t\t\t\t\t<\/div>\n\t\t<\/div>\n\t\t\t\t\t<\/div>\n\t\t<\/section>\n\t\t\t\t<section class=\"elementor-section elementor-top-section elementor-element elementor-element-bcd8d45 elementor-section-content-middle elementor-section-boxed elementor-section-height-default elementor-section-height-default\" data-id=\"bcd8d45\" data-element_type=\"section\" data-settings=\"{&quot;_ha_eqh_enable&quot;:false}\">\n\t\t\t\t\t\t\t<div class=\"elementor-background-overlay\"><\/div>\n\t\t\t\t\t\t\t<div class=\"elementor-container elementor-column-gap-default\">\n\t\t\t\t\t<div class=\"elementor-column elementor-col-25 elementor-top-column elementor-element elementor-element-293ed11\" data-id=\"293ed11\" data-element_type=\"column\">\n\t\t\t<div class=\"elementor-widget-wrap elementor-element-populated\">\n\t\t\t\t\t\t<div class=\"elementor-element elementor-element-53ba793 elementor-widget__width-initial elementor-widget elementor-widget-image\" data-id=\"53ba793\" data-element_type=\"widget\" data-widget_type=\"image.default\">\n\t\t\t\t<div class=\"elementor-widget-container\">\n\t\t\t\t\t\t\t\t\t\t\t\t\t\t\t<img decoding=\"async\" width=\"300\" height=\"300\" src=\"https:\/\/hbadministracion.cl\/wp-content\/uploads\/2025\/07\/MANAGEMENT001-300x300.png\" class=\"attachment-medium size-medium wp-image-74\" alt=\"\" srcset=\"https:\/\/hbadministracion.cl\/wp-content\/uploads\/2025\/07\/MANAGEMENT001-300x300.png 300w, https:\/\/hbadministracion.cl\/wp-content\/uploads\/2025\/07\/MANAGEMENT001-150x150.png 150w, https:\/\/hbadministracion.cl\/wp-content\/uploads\/2025\/07\/MANAGEMENT001.png 500w\" sizes=\"(max-width: 300px) 100vw, 300px\" \/>\t\t\t\t\t\t\t\t\t\t\t\t\t\t\t<\/div>\n\t\t\t\t<\/div>\n\t\t\t\t\t<\/div>\n\t\t<\/div>\n\t\t\t\t<div class=\"elementor-column elementor-col-25 elementor-top-column elementor-element elementor-element-2e0aaac\" data-id=\"2e0aaac\" data-element_type=\"column\">\n\t\t\t<div class=\"elementor-widget-wrap elementor-element-populated\">\n\t\t\t\t\t\t<div class=\"elementor-element elementor-element-4923ab5 elementor-widget elementor-widget-text-editor\" data-id=\"4923ab5\" data-element_type=\"widget\" data-widget_type=\"text-editor.default\">\n\t\t\t\t<div class=\"elementor-widget-container\">\n\t\t\t\t\t\t\t\t\tNuestra Promesa\t\t\t\t\t\t\t\t<\/div>\n\t\t\t\t<\/div>\n\t\t\t\t\t<\/div>\n\t\t<\/div>\n\t\t\t\t<div class=\"elementor-column elementor-col-25 elementor-top-column elementor-element elementor-element-4f70386\" data-id=\"4f70386\" data-element_type=\"column\">\n\t\t\t<div class=\"elementor-widget-wrap elementor-element-populated\">\n\t\t\t\t\t\t<div class=\"elementor-element elementor-element-dd4af7a elementor-widget__width-initial elementor-widget elementor-widget-text-editor\" data-id=\"dd4af7a\" data-element_type=\"widget\" data-widget_type=\"text-editor.default\">\n\t\t\t\t<div class=\"elementor-widget-container\">\n\t\t\t\t\t\t\t\t\t<p>Transformamos la forma en que se gestionan las comunidades: desde la administraci\u00f3n tradicional hacia una direcci\u00f3n moderna, eficiente y proactiva.<br class=\"id-6Z-MVqbyL-132\" \/>Con HB Building Management, cada decisi\u00f3n se basa en criterios financieros s\u00f3lidos, visi\u00f3n a largo plazo y cercan\u00eda con las personas.<\/p>\t\t\t\t\t\t\t\t<\/div>\n\t\t\t\t<\/div>\n\t\t\t\t\t<\/div>\n\t\t<\/div>\n\t\t\t\t<div class=\"elementor-column elementor-col-25 elementor-top-column elementor-element elementor-element-7e9dae3\" data-id=\"7e9dae3\" data-element_type=\"column\">\n\t\t\t<div class=\"elementor-widget-wrap elementor-element-populated\">\n\t\t\t\t\t\t<div class=\"elementor-element elementor-element-923dbd7 elementor-view-default elementor-widget elementor-widget-icon\" data-id=\"923dbd7\" data-element_type=\"widget\" data-widget_type=\"icon.default\">\n\t\t\t\t<div class=\"elementor-widget-container\">\n\t\t\t\t\t\t\t<div class=\"elementor-icon-wrapper\">\n\t\t\t<div class=\"elementor-icon\">\n\t\t\t<i aria-hidden=\"true\" class=\"far fa-building\"><\/i>\t\t\t<\/div>\n\t\t<\/div>\n\t\t\t\t\t\t<\/div>\n\t\t\t\t<\/div>\n\t\t\t\t\t<\/div>\n\t\t<\/div>\n\t\t\t\t\t<\/div>\n\t\t<\/section>\n\t\t\t\t<section class=\"elementor-section elementor-top-section elementor-element elementor-element-6eee4b9 elementor-section-content-middle elementor-section-boxed elementor-section-height-default elementor-section-height-default\" data-id=\"6eee4b9\" data-element_type=\"section\" data-settings=\"{&quot;background_background&quot;:&quot;classic&quot;,&quot;_ha_eqh_enable&quot;:false}\">\n\t\t\t\t\t\t\t<div class=\"elementor-background-overlay\"><\/div>\n\t\t\t\t\t\t\t<div class=\"elementor-container elementor-column-gap-default\">\n\t\t\t\t\t<div class=\"elementor-column elementor-col-50 elementor-top-column elementor-element elementor-element-d3c4ab9\" data-id=\"d3c4ab9\" data-element_type=\"column\">\n\t\t\t<div class=\"elementor-widget-wrap\">\n\t\t\t\t\t\t\t<\/div>\n\t\t<\/div>\n\t\t\t\t<div class=\"elementor-column elementor-col-50 elementor-top-column elementor-element elementor-element-57a9b3d\" data-id=\"57a9b3d\" data-element_type=\"column\">\n\t\t\t<div class=\"elementor-widget-wrap\">\n\t\t\t\t\t\t\t<\/div>\n\t\t<\/div>\n\t\t\t\t\t<\/div>\n\t\t<\/section>\n\t\t\t\t<section class=\"elementor-section elementor-top-section elementor-element elementor-element-79d6dc4 elementor-section-boxed elementor-section-height-default elementor-section-height-default\" data-id=\"79d6dc4\" data-element_type=\"section\" data-settings=\"{&quot;shape_divider_top&quot;:&quot;triangle-asymmetrical&quot;,&quot;_ha_eqh_enable&quot;:false}\">\n\t\t\t\t\t<div class=\"elementor-shape elementor-shape-top\" aria-hidden=\"true\" data-negative=\"false\">\n\t\t\t<svg xmlns=\"http:\/\/www.w3.org\/2000\/svg\" viewBox=\"0 0 1000 100\" preserveAspectRatio=\"none\">\n\t<path class=\"elementor-shape-fill\" d=\"M738,99l262-93V0H0v5.6L738,99z\"\/>\n<\/svg>\t\t<\/div>\n\t\t\t\t\t<div class=\"elementor-container elementor-column-gap-default\">\n\t\t\t\t\t<div class=\"elementor-column elementor-col-50 elementor-top-column elementor-element elementor-element-9300c7c\" data-id=\"9300c7c\" data-element_type=\"column\">\n\t\t\t<div class=\"elementor-widget-wrap elementor-element-populated\">\n\t\t\t\t\t\t<div class=\"elementor-element elementor-element-221ce17 elementor-widget__width-initial elementor-widget elementor-widget-text-editor\" data-id=\"221ce17\" data-element_type=\"widget\" data-widget_type=\"text-editor.default\">\n\t\t\t\t<div class=\"elementor-widget-container\">\n\t\t\t\t\t\t\t\t\t<div class=\"elSubheadlineWrapper id-6Z-zBPb-45\" data-page-element=\"SubHeadline\/V1\"><h4 class=\"elSubheadline\" data-style-guide-subheadline=\"l\"><span class=\"ne id-6Z-zBPb-46\" data-page-element=\"ContentEditableNode\" data-align-selector=\".elSubheadline\" data-slot-name=\"default\"><span style=\"color: #cca90e;\"><b class=\"id-6Z-MVqbyL-134\">Sobre el Fundador\u200b<\/b><\/span><br class=\"id-6Z-MVqbyL-136\" \/><\/span><\/h4><\/div><h1 class=\"elHeadlineWrapper id-6Z-4enl4-364\" data-page-element=\"Headline\/V1\"><strong><span class=\"ne id-6Z-4enl4-365\" style=\"color: #0a3059;\" data-page-element=\"ContentEditableNode\" data-align-selector=\".elHeadline\" data-slot-name=\"default\">Hegon Benavides<\/span><\/strong><\/h1><div class=\"elSubheadlineWrapper id-6Z-MVqbyL-137\" data-page-element=\"SubHeadline\/V1\"><h4 class=\"elSubheadline\" data-style-guide-subheadline=\"m\"><span class=\"ne id-6Z-MVqbyL-138\" data-page-element=\"ContentEditableNode\" data-align-selector=\".elSubheadline\" data-slot-name=\"default\">30 a\u00f1os liderando proyectos de administraci\u00f3n<\/span><span class=\"ne id-6Z-MVqbyL-138\" data-page-element=\"ContentEditableNode\" data-align-selector=\".elSubheadline\" data-slot-name=\"default\"> inmobiliaria, finanzas y seguridad.<\/span><\/h4><\/div><div class=\"elParagraphWrapper id-6Z-mGxya-59\" data-page-element=\"Paragraph\/V1\"><p class=\"elParagraph\" data-style-guide-content=\"l\"><span class=\"ne id-6Z-mGxya-60\" style=\"color: #000000;\" data-page-element=\"ContentEditableNode\" data-align-selector=\".elParagraph\" data-slot-name=\"default\">Con una trayectoria consolidada en la asesor\u00eda de comunidades residenciales de alto perfil, Hegon ha optimizado grandes presupuestos, resuelto situaciones complejas y construido relaciones de confianza con comit\u00e9s de administraci\u00f3n en diversas ciudades del pa\u00eds.<br class=\"id-6Z-dd7Ngo-8\" \/>Impulsado por la innovaci\u00f3n tecnol\u00f3gica y el compromiso humano, cre\u00f3 HB Building Management para transformar la convivencia, elevar la valorizaci\u00f3n de los inmuebles y garantizar una gesti\u00f3n honesta y estrat\u00e9gica.<\/span><\/p><\/div>\t\t\t\t\t\t\t\t<\/div>\n\t\t\t\t<\/div>\n\t\t\t\t\t<\/div>\n\t\t<\/div>\n\t\t\t\t<div class=\"elementor-column elementor-col-50 elementor-top-column elementor-element elementor-element-47c1e40\" data-id=\"47c1e40\" data-element_type=\"column\">\n\t\t\t<div class=\"elementor-widget-wrap elementor-element-populated\">\n\t\t\t\t\t\t<div class=\"elementor-element elementor-element-b79cf8b elementor-widget__width-initial elementor-widget elementor-widget-image\" data-id=\"b79cf8b\" data-element_type=\"widget\" data-widget_type=\"image.default\">\n\t\t\t\t<div class=\"elementor-widget-container\">\n\t\t\t\t\t\t\t\t\t\t\t\t\t\t\t<img decoding=\"async\" src=\"https:\/\/hbadministracion.cl\/wp-content\/uploads\/2025\/07\/Recorte-Hegon-e1751814430986.png\" title=\"Recorte Hegon\" alt=\"Recorte Hegon\" loading=\"lazy\" \/>\t\t\t\t\t\t\t\t\t\t\t\t\t\t\t<\/div>\n\t\t\t\t<\/div>\n\t\t\t\t\t<\/div>\n\t\t<\/div>\n\t\t\t\t\t<\/div>\n\t\t<\/section>\n\t\t\t\t<\/div>\n\t\t","protected":false},"excerpt":{"rendered":"<p>No permita que la inacci\u00f3n degrade la armon\u00eda ni el valor de su propiedad. \u00a0Existen soluciones reales, con asesor\u00eda profesional, [&hellip;]<\/p>\n","protected":false},"author":2,"featured_media":0,"parent":0,"menu_order":0,"comment_status":"closed","ping_status":"closed","template":"","meta":{"site-sidebar-layout":"no-sidebar","site-content-layout":"","ast-site-content-layout":"full-width-container","site-content-style":"default","site-sidebar-style":"default","ast-global-header-display":"","ast-banner-title-visibility":"","ast-main-header-display":"","ast-hfb-above-header-display":"","ast-hfb-below-header-display":"","ast-hfb-mobile-header-display":"","site-post-title":"disabled","ast-breadcrumbs-content":"","ast-featured-img":"disabled","footer-sml-layout":"","theme-transparent-header-meta":"","adv-header-id-meta":"","stick-header-meta":"","header-above-stick-meta":"","header-main-stick-meta":"","header-below-stick-meta":"","astra-migrate-meta-layouts":"default","ast-page-background-enabled":"default","ast-page-background-meta":{"desktop":{"background-color":"var(--ast-global-color-5)","background-image":"","background-repeat":"repeat","background-position":"center center","background-size":"auto","background-attachment":"scroll","background-type":"","background-media":"","overlay-type":"","overlay-color":"","overlay-opacity":"","overlay-gradient":""},"tablet":{"background-color":"","background-image":"","background-repeat":"repeat","background-position":"center center","background-size":"auto","background-attachment":"scroll","background-type":"","background-media":"","overlay-type":"","overlay-color":"","overlay-opacity":"","overlay-gradient":""},"mobile":{"background-color":"","background-image":"","background-repeat":"repeat","background-position":"center center","background-size":"auto","background-attachment":"scroll","background-type":"","background-media":"","overlay-type":"","overlay-color":"","overlay-opacity":"","overlay-gradient":""}},"ast-content-background-meta":{"desktop":{"background-color":"var(--ast-global-color-4)","background-image":"","background-repeat":"repeat","background-position":"center center","background-size":"auto","background-attachment":"scroll","background-type":"","background-media":"","overlay-type":"","overlay-color":"","overlay-opacity":"","overlay-gradient":""},"tablet":{"background-color":"var(--ast-global-color-4)","background-image":"","background-repeat":"repeat","background-position":"center center","background-size":"auto","background-attachment":"scroll","background-type":"","background-media":"","overlay-type":"","overlay-color":"","overlay-opacity":"","overlay-gradient":""},"mobile":{"background-color":"var(--ast-global-color-4)","background-image":"","background-repeat":"repeat","background-position":"center center","background-size":"auto","background-attachment":"scroll","background-type":"","background-media":"","overlay-type":"","overlay-color":"","overlay-opacity":"","overlay-gradient":""}},"footnotes":""},"class_list":["post-8","page","type-page","status-publish","hentry"],"_links":{"self":[{"href":"https:\/\/hbadministracion.cl\/index.php?rest_route=\/wp\/v2\/pages\/8","targetHints":{"allow":["GET"]}}],"collection":[{"href":"https:\/\/hbadministracion.cl\/index.php?rest_route=\/wp\/v2\/pages"}],"about":[{"href":"https:\/\/hbadministracion.cl\/index.php?rest_route=\/wp\/v2\/types\/page"}],"author":[{"embeddable":true,"href":"https:\/\/hbadministracion.cl\/index.php?rest_route=\/wp\/v2\/users\/2"}],"replies":[{"embeddable":true,"href":"https:\/\/hbadministracion.cl\/index.php?rest_route=%2Fwp%2Fv2%2Fcomments&post=8"}],"version-history":[{"count":62,"href":"https:\/\/hbadministracion.cl\/index.php?rest_route=\/wp\/v2\/pages\/8\/revisions"}],"predecessor-version":[{"id":122,"href":"https:\/\/hbadministracion.cl\/index.php?rest_route=\/wp\/v2\/pages\/8\/revisions\/122"}],"wp:attachment":[{"href":"https:\/\/hbadministracion.cl\/index.php?rest_route=%2Fwp%2Fv2%2Fmedia&parent=8"}],"curies":[{"name":"wp","href":"https:\/\/api.w.org\/{rel}","templated":true}]}}